{"id":12,"date":"2010-12-22T23:14:46","date_gmt":"2010-12-22T23:14:46","guid":{"rendered":"http:\/\/www.sfbmec.fr\/wordpress\/?page_id=12"},"modified":"2018-02-10T03:49:39","modified_gmt":"2018-02-10T03:49:39","slug":"ca","status":"publish","type":"page","link":"http:\/\/www.sfbmec.fr\/?page_id=12","title":{"rendered":"Conseil d&rsquo;administration [old version]"},"content":{"rendered":"<table style=\"border-collapse: collapse; color: #000000;\" border=\"1\" cellspacing=\"5\" cellpadding=\"5\" style=\"text-align: centre;\">\n<tr>\n<td colspan=\"3\" bgcolor=\"#DBDDDE\"><strong>Pr\u00e9sident (bureau)<\/strong><\/td>\n<\/tr>\n<td>ROUSSELLE Patricia<\/td>\n<td>Laboratoire Biologie Tissulaire et Ing\u00e9nierie th\u00e9rapeutique (LBTI)<br \/>\nEquipe Dialogue Cellules Microenvironnement et R\u00e9paration Tissulaire<br \/>\nUMR 5305 &#8211; CNRS\/UCBLyon 1 &#8211; SFR BioSciences Gerland-Lyon Sud<br \/>\n7 passage du Vercors<br \/>\n69367 LYON Cedex 07<\/td>\n<td>Tel: +33 (0)4 72 72 26 39<br \/>\nFax: +33 (0)4 72 72 26 04<br \/>\n<a href=\"mailto:patricia.rousselle@ibcp.fr\">patricia.rousselle@ibcp.fr<\/a><\/td>\n<tr>\n<td colspan=\"3\" bgcolor=\"#DBDDDE\"><strong>Secr\u00e9taire g\u00e9n\u00e9ral (bureau)<\/strong><\/td>\n<\/tr>\n<td>EMONARD Herv\u00e9<\/td>\n<td>UMR CNRS\/URCA 7369 MEDyC<br \/>\nResponsable de l&rsquo;\u00e9quipe \u00ab\u00a0Prot\u00e9olyse et Cancer\u00a0\u00bb<br \/>\nLaboratoire \u00ab\u00a0Signalisation et R\u00e9cepteurs Matriciels\u00a0\u00bb<br \/>\nUFR Sciences Exactes et Naturelles<br \/>\nB\u00e2t. 18 RDC, bureau BR 21<br \/>\nCampus du Moulin de la Housse, BP 1039<br \/>\nChemin des Rouliers<br \/>\n51687 REIMS Cedex 2<\/td>\n<td>Tel: +33 (0)3 26 91 83 61<br \/>\nFax: +33 (0)3 26 91 83 66<br \/>\n<a href=\"mailto:herve.emonard@univ-reims.fr\">herve.emonard@univ-reims.fr<\/a><\/td>\n<tr>\n<td colspan=\"3\" bgcolor=\"#DBDDDE\"><strong>Tr\u00e9sorier (bureau)<\/strong><\/td>\n<\/tr>\n<td>THERET Nathalie<\/td>\n<td>INSERM UMR1085<br \/>\nIRSET-Institut de Recherche en Sant\u00e9-Environnement-Travail<br \/>\nUniversit\u00e9 Rennes 1<br \/>\n2 avenue du Pr. L\u00e9on Bernard<br \/>\n35043 RENNES<\/td>\n<td>Tel: +33 (0)2 23 23 48 11<br \/>\n<a href=\"mailto:nathalie.theret@univ-rennes1.fr@univ-reims.fr\">nathalie.theret@univ-rennes1.fr<\/a><\/td>\n<tr>\n<td colspan=\"3\" bgcolor=\"#DBDDDE\"><strong>Conseiller<\/strong><\/td>\n<\/tr>\n<td>CARREIRAS Franck<\/td>\n<td>Universit\u00e9 de Cergy Pontoise, ERRMECe, EA1391, Groupe MEC-uP<br \/>\nUFR Science et Technique<br \/>\n2 Av. Adolphe Chauvin<br \/>\n95302 CERGY-PONTOISE Cedex<\/td>\n<td>Tel: +33 (0)1 34 25 66 75<br \/>\nFax: +33 (0)1 34 25 66 94<br \/>\n<a href=\"mailto:franck.carreiras@u-cergy.fr\">franck.carreiras@u-cergy.fr<\/a><\/td>\n<tr>\n<td colspan=\"3\" bgcolor=\"#DBDDDE\"><strong>Conseiller<\/strong><\/td>\n<\/tr>\n<td>DEMOOR Magali<\/td>\n<td>Laboratoire Microenvironnement Cellulaire et Pathologies (MILPAT), EA 4652<br \/>\nFacult\u00e9 de M\u00e9decine C\u00f4te de Nacre, Universit\u00e9 de CAEN Basse Normandie<br \/>\n14032 CAEN Cedex<\/td>\n<td>Tel: +33 (0)2 31 06 82 18<br \/>\n<a href=\"mailto:magali.demoor@unicaen.fr\">magali.demoor@unicaen.fr<\/a><\/td>\n<tr>\n<td colspan=\"3\" bgcolor=\"#DBDDDE\"><strong>Conseiller<\/strong><\/td>\n<\/tr>\n<td>DUCA Laurent<\/td>\n<td>UMR CNRS \/ URCA 7369<br \/>\n\u00ab\u00a0Matrice Extracellulaire et Dynamique Cellulaire\u00a0\u00bb (MEDyC)<br \/>\nLaboratoire SiRMa<br \/>\nUFR Sciences Exactes et Naturelles<br \/>\nCampus Moulin de la Housse<br \/>\n51687 REIMS Cedex 2<\/td>\n<td>Tel: +33 (0)3 26 91 89 39<br \/>\nFax: +33 (0)3 26 91 83 66<br \/>\n<a href=\"mailto:laurent.duca@univ-reims.fr\">laurent.duca@univ-reims.fr<\/a><\/td>\n<tr>\n<td colspan=\"3\" bgcolor=\"#DBDDDE\"><strong>Conseiller<\/strong><\/td>\n<\/tr>\n<td>JACOB Marie-Paule<\/td>\n<td>Inserm U1148 &#8211; LVTS<br \/>\nH\u00f4pital Bichat-Claude Bernard<br \/>\n46 rue Henri Huchard<br \/>\n75877 PARIS Cedex 18<\/td>\n<td>Tel: +33 (0)1 40 25 86 17<br \/>\nFax: +33 (0)1 40 25 86 02<br \/>\n<a href=\"mailto:marie-paule.jacob-lenet@inserm.fr\">marie-paule.jacob-lenet@inserm.fr<\/a><\/td>\n<tr>\n<td colspan=\"3\" bgcolor=\"#DBDDDE\"><strong>Conseiller<\/strong><\/td>\n<\/tr>\n<td>OREND Gertraud<\/td>\n<td>INSERM U1109<br \/>\nThe Microenvironmental Niche in Tumorigenesis and Targeted Therapy &#8211; MN3T<br \/>\n3 avenue Moli\u00e8re<br \/>\n67200 STRASBOURG<\/td>\n<td>Tel: +33 (0)3 88 27 53 55<br \/>\nFax: +33 (0)3.88.26.35.38<br \/>\n<a href=\"mailto:gertraud.orend@inserm.u-strasbg.fr\">gertraud.orend@inserm.u-strasbg.fr<\/a><\/td>\n<tr>\n<td colspan=\"3\" bgcolor=\"#DBDDDE\"><strong>Conseiller<\/strong><\/td>\n<\/tr>\n<td>LEHMANN Maxime<\/td>\n<td>\u00ab\u00a0Int\u00e9grine et Cancer\u00a0\u00bb<br \/>\nUMR 7213 CNRS-LBP<br \/>\nFacult\u00e9 de Pharmacie #D218<br \/>\nUniversit\u00e9 de Strasbourg<br \/>\n74 route du Rhin<br \/>\nCS 60024<br \/>\n67401 ILLKIRCH CEDEX<\/td>\n<td>Tel: +33 (0)3 68 85 41 92<br \/>\nFax: +33 (0)3 68 85 43 13<br \/>\n<a href=\"mailto:maxime.lehmann@unistra.fr\">maxime.lehmann@unistra.fr<\/a><\/td>\n<tr>\n<td colspan=\"3\" bgcolor=\"#DBDDDE\"><strong>Conseiller<\/strong><\/td>\n<\/tr>\n<td>PAGNON-MINOT Aur\u00e9lie<\/td>\n<td>Soci\u00e9t\u00e9 NOVOTEC<br \/>\n13-15 rue Jacques Monod<br \/>\n69007 LYON<\/td>\n<td>Tel: +33 (0)4 78 61 46 31<br \/>\nFax: +33 (0)4 78 61 46 32<br \/>\n<a href=\"mailto:apagnon@novotec-labs.com\">apagnon@novotec-labs.com<\/a><\/td>\n<tr>\n<td colspan=\"3\" bgcolor=\"#DBDDDE\"><strong>Conseiller<\/strong><\/td>\n<\/tr>\n<td>REYNAUD Caroline<\/td>\n<td>INSERM U1033<br \/>\nSite Laennec<br \/>\nEquipe n\u00b02 : G\u00e9nomique fonctionnelle et traitements des m\u00e9tastases osseuses<br \/>\n7-11 rue Guillaume Paradin<br \/>\n69372 LYON Cedex 08<\/td>\n<td>Tel: +33 (0)4 78 78 57 38<br \/>\n<a href=\"mailto:caroline.reynaud@inserm.fr\">caroline.reynaud@inserm.fr<\/a><\/td>\n<tr>\n<td colspan=\"3\" bgcolor=\"#DBDDDE\"><strong>Pr\u00e9sident d&rsquo;honneur<\/strong><\/td>\n<\/tr>\n<td>BOREL Jacques-Paul<\/td>\n<td>66 rue des Mathurins<br \/>\n75008 PARIS<\/td>\n<td>Tel: +33 (0)1 42 65 19 86<br \/>\n<a href=\"mailto:jacques.borel4@wanadoo.fr\">jacques.borel4@wanadoo.fr<\/a><\/td>\n<tr>\n<td colspan=\"3\" bgcolor=\"#DBDDDE\"><strong>Pr\u00e9sident d&rsquo;honneur<\/strong><\/td>\n<\/tr>\n<td>LEGRAND Yves<\/td>\n<td>INSERM U353<br \/>\nH\u00f4pital St Louis<br \/>\n1 avenue Claude Vellefaux<br \/>\n75475 PARIS Cedex 10<\/td>\n<td><a href=\"yvlegrand@hotmail.com\">yvlegrand@hotmail.com<\/a><\/td>\n<\/tr>\n<tr>\n<td colspan=\"3\" bgcolor=\"#DBDDDE\"><strong>Pr\u00e9sidente d&rsquo;honneur<\/strong><\/td>\n<\/tr>\n<td>RICARD-BLUM Sylvie<\/td>\n<td>ICBMS<br \/>\nUMR 5246 CNRS\/Universit\u00e9 Lyon 1<br \/>\n43 Boulevard du 11 Novembre<br \/>\n69622  VILLEURBANNE Cedex<\/td>\n<td>Tel: +33 (0)4 72 44 82 32<br \/>\n<a href=\"mailto:sylvie.ricard-blum@univ-lyon1.fr\">sylvie.ricard-blum@univ-lyon1.fr<\/a><\/td>\n<tr>\n<td colspan=\"3\" bgcolor=\"#DBDDDE\"><strong>Pr\u00e9c\u00e9dent Pr\u00e9sident d&rsquo;honneur<\/strong><\/td>\n<\/tr>\n<td>ROBERT Ladislas<\/td>\n<td>\nD\u00e9c\u00e9d\u00e9 le 6 janvier 2018 dans sa 94\u00e8me ann\u00e9e.<\/td>\n<td><\/td>\n<\/tr>\n<\/table>\n<p>Derni\u00e8re mise \u00e0 jour : 09 f\u00e9vrier 2018.<\/p>\n<div class=\"sharedaddy sd-sharing-enabled\"><div class=\"robots-nocontent sd-block sd-social sd-social-icon-text sd-sharing\"><h3 class=\"sd-title\">Partager :<\/h3><div class=\"sd-content\"><ul><li class=\"share-email\"><a rel=\"nofollow noopener noreferrer\" data-shared=\"\" class=\"share-email sd-button share-icon\" href=\"http:\/\/www.sfbmec.fr\/?page_id=12&amp;share=email\" target=\"_blank\" title=\"Cliquez pour envoyer par e-mail \u00e0 un ami\"><span>E-mail<\/span><\/a><\/li><li class=\"share-twitter\"><a rel=\"nofollow noopener noreferrer\" data-shared=\"sharing-twitter-12\" class=\"share-twitter sd-button share-icon\" href=\"http:\/\/www.sfbmec.fr\/?page_id=12&amp;share=twitter\" target=\"_blank\" title=\"Cliquez pour partager sur Twitter\"><span>Twitter<\/span><\/a><\/li><li class=\"share-facebook\"><a rel=\"nofollow noopener noreferrer\" data-shared=\"sharing-facebook-12\" class=\"share-facebook sd-button share-icon\" href=\"http:\/\/www.sfbmec.fr\/?page_id=12&amp;share=facebook\" target=\"_blank\" title=\"Cliquez pour partager sur Facebook\"><span>Facebook<\/span><\/a><\/li><li class=\"share-linkedin\"><a rel=\"nofollow noopener noreferrer\" data-shared=\"sharing-linkedin-12\" class=\"share-linkedin sd-button share-icon\" href=\"http:\/\/www.sfbmec.fr\/?page_id=12&amp;share=linkedin\" target=\"_blank\" title=\"Cliquez pour partager sur LinkedIn\"><span>LinkedIn<\/span><\/a><\/li><li class=\"share-end\"><\/li><\/ul><\/div><\/div><\/div>","protected":false},"excerpt":{"rendered":"<p>Pr\u00e9sident (bureau) ROUSSELLE Patricia Laboratoire Biologie Tissulaire et Ing\u00e9nierie th\u00e9rapeutique (LBTI) Equipe Dialogue Cellules Microenvironnement et R\u00e9paration Tissulaire UMR 5305 &#8211; CNRS\/UCBLyon 1 &#8211; SFR BioSciences Gerland-Lyon Sud 7 passage du Vercors 69367 LYON Cedex 07 Tel: +33 (0)4 72 &hellip; <a href=\"http:\/\/www.sfbmec.fr\/?page_id=12\">Continuer la lecture <span class=\"meta-nav\">&rarr;<\/span><\/a><\/p>\n<div class=\"sharedaddy sd-sharing-enabled\"><div class=\"robots-nocontent sd-block sd-social sd-social-icon-text sd-sharing\"><h3 class=\"sd-title\">Partager :<\/h3><div class=\"sd-content\"><ul><li class=\"share-email\"><a rel=\"nofollow noopener noreferrer\" data-shared=\"\" class=\"share-email sd-button share-icon\" href=\"http:\/\/www.sfbmec.fr\/?page_id=12&amp;share=email\" target=\"_blank\" title=\"Cliquez pour envoyer par e-mail \u00e0 un ami\"><span>E-mail<\/span><\/a><\/li><li class=\"share-twitter\"><a rel=\"nofollow noopener noreferrer\" data-shared=\"sharing-twitter-12\" class=\"share-twitter sd-button share-icon\" href=\"http:\/\/www.sfbmec.fr\/?page_id=12&amp;share=twitter\" target=\"_blank\" title=\"Cliquez pour partager sur Twitter\"><span>Twitter<\/span><\/a><\/li><li class=\"share-facebook\"><a rel=\"nofollow noopener noreferrer\" data-shared=\"sharing-facebook-12\" class=\"share-facebook sd-button share-icon\" href=\"http:\/\/www.sfbmec.fr\/?page_id=12&amp;share=facebook\" target=\"_blank\" title=\"Cliquez pour partager sur Facebook\"><span>Facebook<\/span><\/a><\/li><li class=\"share-linkedin\"><a rel=\"nofollow noopener noreferrer\" data-shared=\"sharing-linkedin-12\" class=\"share-linkedin sd-button share-icon\" href=\"http:\/\/www.sfbmec.fr\/?page_id=12&amp;share=linkedin\" target=\"_blank\" title=\"Cliquez pour partager sur LinkedIn\"><span>LinkedIn<\/span><\/a><\/li><li class=\"share-end\"><\/li><\/ul><\/div><\/div><\/div>","protected":false},"author":1,"featured_media":0,"parent":0,"menu_order":0,"comment_status":"closed","ping_status":"closed","template":"","meta":{"spay_email":""},"jetpack_sharing_enabled":true,"jetpack_shortlink":"https:\/\/wp.me\/P3JW17-c","_links":{"self":[{"href":"http:\/\/www.sfbmec.fr\/index.php?rest_route=\/wp\/v2\/pages\/12"}],"collection":[{"href":"http:\/\/www.sfbmec.fr\/index.php?rest_route=\/wp\/v2\/pages"}],"about":[{"href":"http:\/\/www.sfbmec.fr\/index.php?rest_route=\/wp\/v2\/types\/page"}],"author":[{"embeddable":true,"href":"http:\/\/www.sfbmec.fr\/index.php?rest_route=\/wp\/v2\/users\/1"}],"replies":[{"embeddable":true,"href":"http:\/\/www.sfbmec.fr\/index.php?rest_route=%2Fwp%2Fv2%2Fcomments&post=12"}],"version-history":[{"count":24,"href":"http:\/\/www.sfbmec.fr\/index.php?rest_route=\/wp\/v2\/pages\/12\/revisions"}],"predecessor-version":[{"id":3146,"href":"http:\/\/www.sfbmec.fr\/index.php?rest_route=\/wp\/v2\/pages\/12\/revisions\/3146"}],"wp:attachment":[{"href":"http:\/\/www.sfbmec.fr\/index.php?rest_route=%2Fwp%2Fv2%2Fmedia&parent=12"}],"curies":[{"name":"wp","href":"https:\/\/api.w.org\/{rel}","templated":true}]}}