{"id":1245,"date":"2010-12-22T23:02:12","date_gmt":"2010-12-22T22:02:12","guid":{"rendered":"http:\/\/www.sfbmec.fr\/wordpress\/?page_id=8"},"modified":"2025-04-07T10:17:34","modified_gmt":"2025-04-07T08:17:34","slug":"8-2","status":"publish","type":"page","link":"http:\/\/www.sfbmec.fr\/?page_id=1245","title":{"rendered":"Contact"},"content":{"rendered":"<p><span style=\"font-weight: bold;\">Soci\u00e9t\u00e9 Fran\u00e7aise de Biologie de la Matrice Extracellulaire<\/span><\/p>\n<p>UFR Sciences Exactes et Naturelles<br \/>\nLaboratoire Signalisation et R\u00e9cepteurs Matriciels, B\u00e2t. 18<br \/>\nCampus du Moulin de la Housse, BP 1039<br \/>\nChemin des Rouliers<br \/>\n51687 REIMS Cedex 2<\/p>\n<p><span style=\"font-weight: bold;\">Pr\u00e9sident<\/span><\/p>\n<p><strong>LE GOFF Carine<\/strong><\/p>\n<p>INSERM U1148<br \/>\nSite h\u00f4pital Bichat<br \/>\nEquipe n\u00b02 : Cardiovascular structural diseases<br \/>\n46 rue Henri Huchard<br \/>\n75018 Paris<br \/>\nPhone: +33 1 40 25 75 21<br \/>\nEmail address:\u00a0<a href=\"mailto:carine.le-goff@inserm.fr\">carine.le-goff@inserm.fr<\/a><\/p>\n<p><span style=\"font-weight: bold;\">Secr\u00e9taire G\u00e9n\u00e9rale<\/span><\/p>\n<h4>ALBANESE Patricia<\/h4>\n<p>GLY-CRRET lab, EA 4397<br \/>\nFacult\u00e9 des Sciences et Technologie, UPEC<br \/>\nUniversit\u00e9 Paris Est Creteil &#8211; Val de Marne<br \/>\n61 avenue du G\u00e9n\u00e9rale de Gaulle<br \/>\n94 010 Cr\u00e9teil cedex 10<br \/>\nPhone: +33 1 45 17 70 81<br \/>\nEmail address:\u00a0<a href=\"mailto:carine.le-goff@inserm.fr\">albanese@u-pec.fr<\/a><\/p>\n<p><strong>Tr\u00e9sorier<\/strong><\/p>\n<p>VALCOURT Ulrich<\/p>\n<p>Laboratoire de Biologie Tissulaire et Ing\u00e9nierie Th\u00e9rapeutique (LBTI)<br \/>\nCNRS UMR 5305 \u2013 Universit\u00e9 Claude Bernard Lyon\u00a01<br \/>\nInstitut de Biologie et Chimie des Prot\u00e9ines (IBCP)<br \/>\n7 passage du Vercors<br \/>\n69367 Lyon Cedex 07<br \/>\nTel : +33(0)4 72 72 26 53<br \/>\nEmail : <a href=\"mailto:ulrich.valcourt@ibcp.fr\">ulrich.valcourt@ibcp.fr<\/a><\/p>\n<p>La composition du Conseil d&rsquo;Administration de la SFBMEc est accessible <a href=\"http:\/\/www.sfbmec.fr\/?page_id=2355\">ici<\/a>.<br \/>\nPour toute question concernant le site et son contenu : <a href=\"mailto:webmaster@sfbmec.fr\" rel=\"external\">webmaster@sfbmec.fr<\/a><\/p>\n<div class=\"sharedaddy sd-sharing-enabled\"><div class=\"robots-nocontent sd-block sd-social sd-social-icon-text sd-sharing\"><h3 class=\"sd-title\">Partager :<\/h3><div class=\"sd-content\"><ul><li class=\"share-email\"><a rel=\"nofollow noopener noreferrer\" data-shared=\"\" class=\"share-email sd-button share-icon\" href=\"http:\/\/www.sfbmec.fr\/?page_id=1245&amp;share=email\" target=\"_blank\" title=\"Cliquez pour envoyer par e-mail \u00e0 un ami\"><span>E-mail<\/span><\/a><\/li><li class=\"share-twitter\"><a rel=\"nofollow noopener noreferrer\" data-shared=\"sharing-twitter-1245\" class=\"share-twitter sd-button share-icon\" href=\"http:\/\/www.sfbmec.fr\/?page_id=1245&amp;share=twitter\" target=\"_blank\" title=\"Cliquez pour partager sur Twitter\"><span>Twitter<\/span><\/a><\/li><li class=\"share-facebook\"><a rel=\"nofollow noopener noreferrer\" data-shared=\"sharing-facebook-1245\" class=\"share-facebook sd-button share-icon\" href=\"http:\/\/www.sfbmec.fr\/?page_id=1245&amp;share=facebook\" target=\"_blank\" title=\"Cliquez pour partager sur Facebook\"><span>Facebook<\/span><\/a><\/li><li class=\"share-linkedin\"><a rel=\"nofollow noopener noreferrer\" data-shared=\"sharing-linkedin-1245\" class=\"share-linkedin sd-button share-icon\" href=\"http:\/\/www.sfbmec.fr\/?page_id=1245&amp;share=linkedin\" target=\"_blank\" title=\"Cliquez pour partager sur LinkedIn\"><span>LinkedIn<\/span><\/a><\/li><li class=\"share-end\"><\/li><\/ul><\/div><\/div><\/div>","protected":false},"excerpt":{"rendered":"<p>Soci\u00e9t\u00e9 Fran\u00e7aise de Biologie de la Matrice Extracellulaire UFR Sciences Exactes et Naturelles Laboratoire Signalisation et R\u00e9cepteurs Matriciels, B\u00e2t. 18 Campus du Moulin de la Housse, BP 1039 Chemin des Rouliers 51687 REIMS Cedex 2 Pr\u00e9sident LE GOFF Carine INSERM &hellip; <a href=\"http:\/\/www.sfbmec.fr\/?page_id=1245\">Continuer la lecture <span class=\"meta-nav\">&rarr;<\/span><\/a><\/p>\n<div class=\"sharedaddy sd-sharing-enabled\"><div class=\"robots-nocontent sd-block sd-social sd-social-icon-text sd-sharing\"><h3 class=\"sd-title\">Partager :<\/h3><div class=\"sd-content\"><ul><li class=\"share-email\"><a rel=\"nofollow noopener noreferrer\" data-shared=\"\" class=\"share-email sd-button share-icon\" href=\"http:\/\/www.sfbmec.fr\/?page_id=1245&amp;share=email\" target=\"_blank\" title=\"Cliquez pour envoyer par e-mail \u00e0 un ami\"><span>E-mail<\/span><\/a><\/li><li class=\"share-twitter\"><a rel=\"nofollow noopener noreferrer\" data-shared=\"sharing-twitter-1245\" class=\"share-twitter sd-button share-icon\" href=\"http:\/\/www.sfbmec.fr\/?page_id=1245&amp;share=twitter\" target=\"_blank\" title=\"Cliquez pour partager sur Twitter\"><span>Twitter<\/span><\/a><\/li><li class=\"share-facebook\"><a rel=\"nofollow noopener noreferrer\" data-shared=\"sharing-facebook-1245\" class=\"share-facebook sd-button share-icon\" href=\"http:\/\/www.sfbmec.fr\/?page_id=1245&amp;share=facebook\" target=\"_blank\" title=\"Cliquez pour partager sur Facebook\"><span>Facebook<\/span><\/a><\/li><li class=\"share-linkedin\"><a rel=\"nofollow noopener noreferrer\" data-shared=\"sharing-linkedin-1245\" class=\"share-linkedin sd-button share-icon\" href=\"http:\/\/www.sfbmec.fr\/?page_id=1245&amp;share=linkedin\" target=\"_blank\" title=\"Cliquez pour partager sur LinkedIn\"><span>LinkedIn<\/span><\/a><\/li><li class=\"share-end\"><\/li><\/ul><\/div><\/div><\/div>","protected":false},"author":1,"featured_media":0,"parent":0,"menu_order":6,"comment_status":"closed","ping_status":"closed","template":"","meta":{"spay_email":""},"jetpack_sharing_enabled":true,"jetpack_shortlink":"https:\/\/wp.me\/P3JW17-k5","_links":{"self":[{"href":"http:\/\/www.sfbmec.fr\/index.php?rest_route=\/wp\/v2\/pages\/1245"}],"collection":[{"href":"http:\/\/www.sfbmec.fr\/index.php?rest_route=\/wp\/v2\/pages"}],"about":[{"href":"http:\/\/www.sfbmec.fr\/index.php?rest_route=\/wp\/v2\/types\/page"}],"author":[{"embeddable":true,"href":"http:\/\/www.sfbmec.fr\/index.php?rest_route=\/wp\/v2\/users\/1"}],"replies":[{"embeddable":true,"href":"http:\/\/www.sfbmec.fr\/index.php?rest_route=%2Fwp%2Fv2%2Fcomments&post=1245"}],"version-history":[{"count":13,"href":"http:\/\/www.sfbmec.fr\/index.php?rest_route=\/wp\/v2\/pages\/1245\/revisions"}],"predecessor-version":[{"id":4915,"href":"http:\/\/www.sfbmec.fr\/index.php?rest_route=\/wp\/v2\/pages\/1245\/revisions\/4915"}],"wp:attachment":[{"href":"http:\/\/www.sfbmec.fr\/index.php?rest_route=%2Fwp%2Fv2%2Fmedia&parent=1245"}],"curies":[{"name":"wp","href":"https:\/\/api.w.org\/{rel}","templated":true}]}}