{"id":1477,"date":"2013-10-30T20:32:23","date_gmt":"2013-10-30T20:32:23","guid":{"rendered":"http:\/\/www.sfbmec.fr\/?page_id=1477"},"modified":"2024-07-11T17:04:52","modified_gmt":"2024-07-11T15:04:52","slug":"liens-utiles","status":"publish","type":"page","link":"http:\/\/www.sfbmec.fr\/?page_id=1477","title":{"rendered":"Liens vers les autres Soci\u00e9t\u00e9s Scientifiques autour du th\u00e8me de la Matrice Extracellulaire"},"content":{"rendered":"<p>American Society for Matrix Biology<br \/>\n<a href=\"http:\/\/www.asmb.net\/\" target=\"_blank\" rel=\"noopener\">http:\/\/www.asmb.net\/<\/a><\/p>\n<p>British Society for Matrix Biology<br \/>\n<a href=\"http:\/\/www.bsmb.ac.uk\/\" target=\"_blank\" rel=\"noopener\">http:\/\/www.bsmb.ac.uk\/<\/a><\/p>\n<p>The Irish Society for Matrix Biology &#8211; Matrix Biology Ireland (MBI)<br \/>\n<a href=\"http:\/\/matrixbiologyireland.wordpress.com\/\" target=\"_blank\" rel=\"noopener\">http:\/\/matrixbiologyireland.wordpress.com\/<\/a><\/p>\n<p>International Society for Matrix Biology<br \/>\n<a href=\"http:\/\/www.ismb.org\/\" target=\"_blank\" rel=\"noopener\">http:\/\/www.ismb.org\/<\/a><\/p>\n<p>Matrix Biology Society of Australia &amp; New Zealand<\/p>\n<p><a href=\"http:\/\/www.mbsanz.org\/\" target=\"_blank\" rel=\"noopener\">http:\/\/www.mbsanz.org\/<\/a><\/p>\n<p>Deutsche Gesellschaft f\u00fcr Bindegewebsforschung<br \/>\n<a href=\"http:\/\/www.dgbf.de\/\" target=\"_blank\" rel=\"noopener\">http:\/\/www.dgbf.de\/<\/a><\/p>\n<p>Societ\u00e0 Italiana per lo Sudio del Connettivo<br \/>\n<a href=\"http:\/\/www-3.unipv.it\/sisc\/welcome.php\" target=\"_blank\" rel=\"noopener\">http:\/\/www-3.unipv.it\/sisc\/welcome.php<\/a><\/p>\n<p>Soci\u00e9t\u00e9 Fran\u00e7aise de Biologie des Tissus Min\u00e9ralis\u00e9s<br \/>\n<a href=\"http:\/\/sfbtm.univ-littoral.fr\/\" target=\"_blank\" rel=\"noopener\">http:\/\/sfbtm.univ-littoral.fr\/<\/a><\/p>\n<p>BIOMAT<br \/>\n<a href=\"http:\/\/www.biomat.fr\/\" target=\"_blank\" rel=\"noopener\">http:\/\/www.biomat.fr\/\/<\/a><\/p>\n<p>&nbsp;<\/p>\n<h2>Autres liens utiles<\/h2>\n<p>Connective Tissue Research<br \/>\n<a href=\"http:\/\/informahealthcare.com\/loi\/cts\" target=\"_blank\" rel=\"noopener\">http:\/\/informahealthcare.com\/loi\/cts<\/a><\/p>\n<p>Matrix Biology<br \/>\n<a href=\"http:\/\/www.elsevier.com\/locate\/matbio\" target=\"_blank\" rel=\"noopener\">http:\/\/www.elsevier.com\/locate\/matbio<\/a><\/p>\n<p>Extracellular Matrix News<br \/>\n<a href=\"http:\/\/www.extracellularmatrixnews.com\/\" target=\"_blank\" rel=\"noopener\">http:\/\/www.extracellularmatrixnews.com\/<\/a><\/p>\n<div class=\"sharedaddy sd-sharing-enabled\"><div class=\"robots-nocontent sd-block sd-social sd-social-icon-text sd-sharing\"><h3 class=\"sd-title\">Partager :<\/h3><div class=\"sd-content\"><ul><li class=\"share-email\"><a rel=\"nofollow noopener noreferrer\" data-shared=\"\" class=\"share-email sd-button share-icon\" href=\"http:\/\/www.sfbmec.fr\/?page_id=1477&amp;share=email\" target=\"_blank\" title=\"Cliquez pour envoyer par e-mail \u00e0 un ami\"><span>E-mail<\/span><\/a><\/li><li class=\"share-twitter\"><a rel=\"nofollow noopener noreferrer\" data-shared=\"sharing-twitter-1477\" class=\"share-twitter sd-button share-icon\" href=\"http:\/\/www.sfbmec.fr\/?page_id=1477&amp;share=twitter\" target=\"_blank\" title=\"Cliquez pour partager sur Twitter\"><span>Twitter<\/span><\/a><\/li><li class=\"share-facebook\"><a rel=\"nofollow noopener noreferrer\" data-shared=\"sharing-facebook-1477\" class=\"share-facebook sd-button share-icon\" href=\"http:\/\/www.sfbmec.fr\/?page_id=1477&amp;share=facebook\" target=\"_blank\" title=\"Cliquez pour partager sur Facebook\"><span>Facebook<\/span><\/a><\/li><li class=\"share-linkedin\"><a rel=\"nofollow noopener noreferrer\" data-shared=\"sharing-linkedin-1477\" class=\"share-linkedin sd-button share-icon\" href=\"http:\/\/www.sfbmec.fr\/?page_id=1477&amp;share=linkedin\" target=\"_blank\" title=\"Cliquez pour partager sur LinkedIn\"><span>LinkedIn<\/span><\/a><\/li><li class=\"share-end\"><\/li><\/ul><\/div><\/div><\/div>","protected":false},"excerpt":{"rendered":"<p>American Society for Matrix Biology http:\/\/www.asmb.net\/ British Society for Matrix Biology http:\/\/www.bsmb.ac.uk\/ The Irish Society for Matrix Biology &#8211; Matrix Biology Ireland (MBI) http:\/\/matrixbiologyireland.wordpress.com\/ International Society for Matrix Biology http:\/\/www.ismb.org\/ Matrix Biology Society of Australia &amp; New Zealand http:\/\/www.mbsanz.org\/ Deutsche &hellip; <a href=\"http:\/\/www.sfbmec.fr\/?page_id=1477\">Continuer la lecture <span class=\"meta-nav\">&rarr;<\/span><\/a><\/p>\n<div class=\"sharedaddy sd-sharing-enabled\"><div class=\"robots-nocontent sd-block sd-social sd-social-icon-text sd-sharing\"><h3 class=\"sd-title\">Partager :<\/h3><div class=\"sd-content\"><ul><li class=\"share-email\"><a rel=\"nofollow noopener noreferrer\" data-shared=\"\" class=\"share-email sd-button share-icon\" href=\"http:\/\/www.sfbmec.fr\/?page_id=1477&amp;share=email\" target=\"_blank\" title=\"Cliquez pour envoyer par e-mail \u00e0 un ami\"><span>E-mail<\/span><\/a><\/li><li class=\"share-twitter\"><a rel=\"nofollow noopener noreferrer\" data-shared=\"sharing-twitter-1477\" class=\"share-twitter sd-button share-icon\" href=\"http:\/\/www.sfbmec.fr\/?page_id=1477&amp;share=twitter\" target=\"_blank\" title=\"Cliquez pour partager sur Twitter\"><span>Twitter<\/span><\/a><\/li><li class=\"share-facebook\"><a rel=\"nofollow noopener noreferrer\" data-shared=\"sharing-facebook-1477\" class=\"share-facebook sd-button share-icon\" href=\"http:\/\/www.sfbmec.fr\/?page_id=1477&amp;share=facebook\" target=\"_blank\" title=\"Cliquez pour partager sur Facebook\"><span>Facebook<\/span><\/a><\/li><li class=\"share-linkedin\"><a rel=\"nofollow noopener noreferrer\" data-shared=\"sharing-linkedin-1477\" class=\"share-linkedin sd-button share-icon\" href=\"http:\/\/www.sfbmec.fr\/?page_id=1477&amp;share=linkedin\" target=\"_blank\" title=\"Cliquez pour partager sur LinkedIn\"><span>LinkedIn<\/span><\/a><\/li><li class=\"share-end\"><\/li><\/ul><\/div><\/div><\/div>","protected":false},"author":1,"featured_media":0,"parent":0,"menu_order":0,"comment_status":"open","ping_status":"open","template":"","meta":{"spay_email":""},"jetpack_sharing_enabled":true,"jetpack_shortlink":"https:\/\/wp.me\/P3JW17-nP","_links":{"self":[{"href":"http:\/\/www.sfbmec.fr\/index.php?rest_route=\/wp\/v2\/pages\/1477"}],"collection":[{"href":"http:\/\/www.sfbmec.fr\/index.php?rest_route=\/wp\/v2\/pages"}],"about":[{"href":"http:\/\/www.sfbmec.fr\/index.php?rest_route=\/wp\/v2\/types\/page"}],"author":[{"embeddable":true,"href":"http:\/\/www.sfbmec.fr\/index.php?rest_route=\/wp\/v2\/users\/1"}],"replies":[{"embeddable":true,"href":"http:\/\/www.sfbmec.fr\/index.php?rest_route=%2Fwp%2Fv2%2Fcomments&post=1477"}],"version-history":[{"count":12,"href":"http:\/\/www.sfbmec.fr\/index.php?rest_route=\/wp\/v2\/pages\/1477\/revisions"}],"predecessor-version":[{"id":4643,"href":"http:\/\/www.sfbmec.fr\/index.php?rest_route=\/wp\/v2\/pages\/1477\/revisions\/4643"}],"wp:attachment":[{"href":"http:\/\/www.sfbmec.fr\/index.php?rest_route=%2Fwp%2Fv2%2Fmedia&parent=1477"}],"curies":[{"name":"wp","href":"https:\/\/api.w.org\/{rel}","templated":true}]}}