{"id":2718,"date":"2017-07-04T19:14:29","date_gmt":"2017-07-04T19:14:29","guid":{"rendered":"http:\/\/www.sfbmec.fr\/?page_id=2718"},"modified":"2026-04-03T17:27:33","modified_gmt":"2026-04-03T15:27:33","slug":"bulletins-de-la-sfbmec","status":"publish","type":"page","link":"http:\/\/www.sfbmec.fr\/?page_id=2718","title":{"rendered":"Bulletins de la SFBMEc"},"content":{"rendered":"<p>La \u00ab\u00a0News Letter\u00a0\u00bb 2026 de la SFBMEC est arriv\u00e9e l<\/p>\n<p><a href=\"http:\/\/www.sfbmec.fr\/wp\/wp-content\/uploads\/2026\/04\/NEWS-LETTER-SFBMEC-2026.pdf\">NEWS LETTER SFBMEC 2026<\/a><\/p>\n<p>Mais vous pouvez aussi retrouver ci-dessous toutes les archive des bulletins et des \u00ab\u00a0News letters\u00a0\u00bb ant\u00e9rieurs publi\u00e9s par la SFBMEc et envoy\u00e9s \u00e0 ses membres par email.<\/p>\n<p>Enfin pour rappel, pour joindre la SFBMEc, il suffit de vous inscrire en suivant les instructions <a href=\"http:\/\/www.sfbmec.fr\/?page_id=68\">ici<\/a>.<\/p>\n<h2>Archives<\/h2>\n<ul>\n<li style=\"list-style-type: none;\">\n<ul>\n<li><a href=\"http:\/\/www.sfbmec.fr\/wp\/wp-content\/uploads\/2024\/03\/Newsletter4_SFBMEc_final-Janvier-2024.pdf\">Newsletter Janvier 2024<\/a><\/li>\n<li><a href=\"http:\/\/www.sfbmec.fr\/wp\/wp-content\/uploads\/2024\/07\/Newsletter3_SFBMEC_2023.pdf\">Newsletter3_SFBMEC_2023<\/a><\/li>\n<li><a href=\"http:\/\/www.sfbmec.fr\/wp\/wp-content\/uploads\/2024\/07\/CR_Symposium-SFBMEc-GDR.pdf\">CR_Symposium SFBMEc-GDR<\/a><\/li>\n<li><a href=\"http:\/\/www.sfbmec.fr\/wp\/wp-content\/uploads\/2024\/07\/Newsletter2_SFBMEC_Juillet2022.pdf\">Newsletter2_SFBMEC_Juillet2022<\/a><\/li>\n<li><a href=\"http:\/\/www.sfbmec.fr\/wp\/wp-content\/uploads\/2024\/07\/Newsletter-1_SFBMEC_2021.pdf\">Newsletter 1_SFBMEC_2021<\/a>\n<ul>\n<li><a href=\"http:\/\/www.sfbmec.fr\/wp\/wp-content\/uploads\/2020\/02\/Bulletin-N\u00b04-de-la-SFBMEc.pdf\">Bulletin n\u00b04 &#8211; 18 Janvier 2020<\/a><\/li>\n<li><a href=\"http:\/\/www.sfbmec.fr\/wp\/wp-content\/uploads\/2019\/02\/Bulletin-N\u00b03-de-la-SFBMEc.pdf\" target=\"_blank\" rel=\"noopener\">Bulletin n\u00b03 &#8211; 18 Janvier 2019<\/a><\/li>\n<li><a href=\"http:\/\/www.sfbmec.fr\/wp\/wp-content\/uploads\/2018\/04\/Bulletin-N\u00b02-de-la-SFBMEc.pdf\" target=\"_blank\" rel=\"noopener\">Bulletin n\u00b02 &#8211; 18 Mars 2018<\/a><\/li>\n<li><a href=\"http:\/\/www.sfbmec.fr\/wp\/wp-content\/uploads\/2017\/07\/Bulletin-N\u00b01-de-la-SFBMEc.pdf\" target=\"_blank\" rel=\"noopener\">Bulletin n\u00b01 &#8211; 24 Juin 2017<\/a><\/li>\n<\/ul>\n<\/li>\n<\/ul>\n<\/li>\n<\/ul>\n<p>&nbsp;<\/p>\n<p>&nbsp;<\/p>\n<p>&nbsp;<\/p>\n<div class=\"sharedaddy sd-sharing-enabled\"><div class=\"robots-nocontent sd-block sd-social sd-social-icon-text sd-sharing\"><h3 class=\"sd-title\">Partager :<\/h3><div class=\"sd-content\"><ul><li class=\"share-email\"><a rel=\"nofollow noopener noreferrer\" data-shared=\"\" class=\"share-email sd-button share-icon\" href=\"http:\/\/www.sfbmec.fr\/?page_id=2718&amp;share=email\" target=\"_blank\" title=\"Cliquez pour envoyer par e-mail \u00e0 un ami\"><span>E-mail<\/span><\/a><\/li><li class=\"share-twitter\"><a rel=\"nofollow noopener noreferrer\" data-shared=\"sharing-twitter-2718\" class=\"share-twitter sd-button share-icon\" href=\"http:\/\/www.sfbmec.fr\/?page_id=2718&amp;share=twitter\" target=\"_blank\" title=\"Cliquez pour partager sur Twitter\"><span>Twitter<\/span><\/a><\/li><li class=\"share-facebook\"><a rel=\"nofollow noopener noreferrer\" data-shared=\"sharing-facebook-2718\" class=\"share-facebook sd-button share-icon\" href=\"http:\/\/www.sfbmec.fr\/?page_id=2718&amp;share=facebook\" target=\"_blank\" title=\"Cliquez pour partager sur Facebook\"><span>Facebook<\/span><\/a><\/li><li class=\"share-linkedin\"><a rel=\"nofollow noopener noreferrer\" data-shared=\"sharing-linkedin-2718\" class=\"share-linkedin sd-button share-icon\" href=\"http:\/\/www.sfbmec.fr\/?page_id=2718&amp;share=linkedin\" target=\"_blank\" title=\"Cliquez pour partager sur LinkedIn\"><span>LinkedIn<\/span><\/a><\/li><li class=\"share-end\"><\/li><\/ul><\/div><\/div><\/div>","protected":false},"excerpt":{"rendered":"<p>La \u00ab\u00a0News Letter\u00a0\u00bb 2026 de la SFBMEC est arriv\u00e9e l NEWS LETTER SFBMEC 2026 Mais vous pouvez aussi retrouver ci-dessous toutes les archive des bulletins et des \u00ab\u00a0News letters\u00a0\u00bb ant\u00e9rieurs publi\u00e9s par la SFBMEc et envoy\u00e9s \u00e0 ses membres par &hellip; <a href=\"http:\/\/www.sfbmec.fr\/?page_id=2718\">Continuer la lecture <span class=\"meta-nav\">&rarr;<\/span><\/a><\/p>\n<div class=\"sharedaddy sd-sharing-enabled\"><div class=\"robots-nocontent sd-block sd-social sd-social-icon-text sd-sharing\"><h3 class=\"sd-title\">Partager :<\/h3><div class=\"sd-content\"><ul><li class=\"share-email\"><a rel=\"nofollow noopener noreferrer\" data-shared=\"\" class=\"share-email sd-button share-icon\" href=\"http:\/\/www.sfbmec.fr\/?page_id=2718&amp;share=email\" target=\"_blank\" title=\"Cliquez pour envoyer par e-mail \u00e0 un ami\"><span>E-mail<\/span><\/a><\/li><li class=\"share-twitter\"><a rel=\"nofollow noopener noreferrer\" data-shared=\"sharing-twitter-2718\" class=\"share-twitter sd-button share-icon\" href=\"http:\/\/www.sfbmec.fr\/?page_id=2718&amp;share=twitter\" target=\"_blank\" title=\"Cliquez pour partager sur Twitter\"><span>Twitter<\/span><\/a><\/li><li class=\"share-facebook\"><a rel=\"nofollow noopener noreferrer\" data-shared=\"sharing-facebook-2718\" class=\"share-facebook sd-button share-icon\" href=\"http:\/\/www.sfbmec.fr\/?page_id=2718&amp;share=facebook\" target=\"_blank\" title=\"Cliquez pour partager sur Facebook\"><span>Facebook<\/span><\/a><\/li><li class=\"share-linkedin\"><a rel=\"nofollow noopener noreferrer\" data-shared=\"sharing-linkedin-2718\" class=\"share-linkedin sd-button share-icon\" href=\"http:\/\/www.sfbmec.fr\/?page_id=2718&amp;share=linkedin\" target=\"_blank\" title=\"Cliquez pour partager sur LinkedIn\"><span>LinkedIn<\/span><\/a><\/li><li class=\"share-end\"><\/li><\/ul><\/div><\/div><\/div>","protected":false},"author":1,"featured_media":0,"parent":0,"menu_order":0,"comment_status":"closed","ping_status":"closed","template":"","meta":{"spay_email":""},"jetpack_sharing_enabled":true,"jetpack_shortlink":"https:\/\/wp.me\/P3JW17-HQ","_links":{"self":[{"href":"http:\/\/www.sfbmec.fr\/index.php?rest_route=\/wp\/v2\/pages\/2718"}],"collection":[{"href":"http:\/\/www.sfbmec.fr\/index.php?rest_route=\/wp\/v2\/pages"}],"about":[{"href":"http:\/\/www.sfbmec.fr\/index.php?rest_route=\/wp\/v2\/types\/page"}],"author":[{"embeddable":true,"href":"http:\/\/www.sfbmec.fr\/index.php?rest_route=\/wp\/v2\/users\/1"}],"replies":[{"embeddable":true,"href":"http:\/\/www.sfbmec.fr\/index.php?rest_route=%2Fwp%2Fv2%2Fcomments&post=2718"}],"version-history":[{"count":21,"href":"http:\/\/www.sfbmec.fr\/index.php?rest_route=\/wp\/v2\/pages\/2718\/revisions"}],"predecessor-version":[{"id":5108,"href":"http:\/\/www.sfbmec.fr\/index.php?rest_route=\/wp\/v2\/pages\/2718\/revisions\/5108"}],"wp:attachment":[{"href":"http:\/\/www.sfbmec.fr\/index.php?rest_route=%2Fwp%2Fv2%2Fmedia&parent=2718"}],"curies":[{"name":"wp","href":"https:\/\/api.w.org\/{rel}","templated":true}]}}