{"id":60,"date":"2010-12-23T11:19:53","date_gmt":"2010-12-23T10:19:53","guid":{"rendered":"http:\/\/www.sfbmec.fr\/wordpress\/?page_id=60"},"modified":"2013-07-14T19:31:36","modified_gmt":"2013-07-14T19:31:36","slug":"presentation","status":"publish","type":"page","link":"http:\/\/www.sfbmec.fr\/?page_id=60","title":{"rendered":"Mission"},"content":{"rendered":"<p>Le but de la SFBMEc est de promouvoir et d\u00e9velopper les \u00e9changes scientifiques entre les laboratoires acad\u00e9miques, industriels et hospitaliers impliqu\u00e9s dans la recherche sur la matrice extracellulaire, la structure et la fonction de ses constituants, la r\u00e9gulation de l&rsquo;expression des g\u00e8nes de ses constituants, les interactions de ces constituants avec les cellules, les voies de signalisation initi\u00e9es par ces interactions ainsi que la modification de ces processus dans les pathologies acquises et g\u00e9n\u00e9tiques dans le cadre clinique et exp\u00e9rimental.<\/p>\n<p>La Soci\u00e9t\u00e9 a \u00e9galement pour but d&rsquo;organiser ou de subventionner des r\u00e9unions ou congr\u00e8s scientifiques sur ces sujets et d&rsquo;attribuer des bourses \u00e0 des doctorants ou post-doctorants pour assister \u00e0 des congr\u00e8s internationaux concernant les domaines cit\u00e9s ci-dessus.<\/p>\n<p>La SFBMEc rassemble 200 \u00e0 250 membres (scientifiques, m\u00e9decins, pharmaciens, dentistes, v\u00e9t\u00e9rinaires) qui proviennent de diff\u00e9rentes disciplines (biochimie, biologie cellulaire, biologie mol\u00e9culaire et biophysique) qui sont utilis\u00e9es pour l&rsquo;\u00e9tude de la matrice extracellulaire dans de nombreux domaines tels que la canc\u00e9rologie, la cardiologie, la dermatologie, le d\u00e9veloppement, l&rsquo;h\u00e9patologie et la rhumatologie.<\/p>\n<div class=\"sharedaddy sd-sharing-enabled\"><div class=\"robots-nocontent sd-block sd-social sd-social-icon-text sd-sharing\"><h3 class=\"sd-title\">Partager :<\/h3><div class=\"sd-content\"><ul><li class=\"share-email\"><a rel=\"nofollow noopener noreferrer\" data-shared=\"\" class=\"share-email sd-button share-icon\" href=\"http:\/\/www.sfbmec.fr\/?page_id=60&amp;share=email\" target=\"_blank\" title=\"Cliquez pour envoyer par e-mail \u00e0 un ami\"><span>E-mail<\/span><\/a><\/li><li class=\"share-twitter\"><a rel=\"nofollow noopener noreferrer\" data-shared=\"sharing-twitter-60\" class=\"share-twitter sd-button share-icon\" href=\"http:\/\/www.sfbmec.fr\/?page_id=60&amp;share=twitter\" target=\"_blank\" title=\"Cliquez pour partager sur Twitter\"><span>Twitter<\/span><\/a><\/li><li class=\"share-facebook\"><a rel=\"nofollow noopener noreferrer\" data-shared=\"sharing-facebook-60\" class=\"share-facebook sd-button share-icon\" href=\"http:\/\/www.sfbmec.fr\/?page_id=60&amp;share=facebook\" target=\"_blank\" title=\"Cliquez pour partager sur Facebook\"><span>Facebook<\/span><\/a><\/li><li class=\"share-linkedin\"><a rel=\"nofollow noopener noreferrer\" data-shared=\"sharing-linkedin-60\" class=\"share-linkedin sd-button share-icon\" href=\"http:\/\/www.sfbmec.fr\/?page_id=60&amp;share=linkedin\" target=\"_blank\" title=\"Cliquez pour partager sur LinkedIn\"><span>LinkedIn<\/span><\/a><\/li><li class=\"share-end\"><\/li><\/ul><\/div><\/div><\/div>","protected":false},"excerpt":{"rendered":"<p>Le but de la SFBMEc est de promouvoir et d\u00e9velopper les \u00e9changes scientifiques entre les laboratoires acad\u00e9miques, industriels et hospitaliers impliqu\u00e9s dans la recherche sur la matrice extracellulaire, la structure et la fonction de ses constituants, la r\u00e9gulation de l&rsquo;expression &hellip; <a href=\"http:\/\/www.sfbmec.fr\/?page_id=60\">Continuer la lecture <span class=\"meta-nav\">&rarr;<\/span><\/a><\/p>\n<div class=\"sharedaddy sd-sharing-enabled\"><div class=\"robots-nocontent sd-block sd-social sd-social-icon-text sd-sharing\"><h3 class=\"sd-title\">Partager :<\/h3><div class=\"sd-content\"><ul><li class=\"share-email\"><a rel=\"nofollow noopener noreferrer\" data-shared=\"\" class=\"share-email sd-button share-icon\" href=\"http:\/\/www.sfbmec.fr\/?page_id=60&amp;share=email\" target=\"_blank\" title=\"Cliquez pour envoyer par e-mail \u00e0 un ami\"><span>E-mail<\/span><\/a><\/li><li class=\"share-twitter\"><a rel=\"nofollow noopener noreferrer\" data-shared=\"sharing-twitter-60\" class=\"share-twitter sd-button share-icon\" href=\"http:\/\/www.sfbmec.fr\/?page_id=60&amp;share=twitter\" target=\"_blank\" title=\"Cliquez pour partager sur Twitter\"><span>Twitter<\/span><\/a><\/li><li class=\"share-facebook\"><a rel=\"nofollow noopener noreferrer\" data-shared=\"sharing-facebook-60\" class=\"share-facebook sd-button share-icon\" href=\"http:\/\/www.sfbmec.fr\/?page_id=60&amp;share=facebook\" target=\"_blank\" title=\"Cliquez pour partager sur Facebook\"><span>Facebook<\/span><\/a><\/li><li class=\"share-linkedin\"><a rel=\"nofollow noopener noreferrer\" data-shared=\"sharing-linkedin-60\" class=\"share-linkedin sd-button share-icon\" href=\"http:\/\/www.sfbmec.fr\/?page_id=60&amp;share=linkedin\" target=\"_blank\" title=\"Cliquez pour partager sur LinkedIn\"><span>LinkedIn<\/span><\/a><\/li><li class=\"share-end\"><\/li><\/ul><\/div><\/div><\/div>","protected":false},"author":1,"featured_media":0,"parent":0,"menu_order":0,"comment_status":"closed","ping_status":"closed","template":"","meta":{"spay_email":""},"jetpack_sharing_enabled":true,"jetpack_shortlink":"https:\/\/wp.me\/P3JW17-Y","_links":{"self":[{"href":"http:\/\/www.sfbmec.fr\/index.php?rest_route=\/wp\/v2\/pages\/60"}],"collection":[{"href":"http:\/\/www.sfbmec.fr\/index.php?rest_route=\/wp\/v2\/pages"}],"about":[{"href":"http:\/\/www.sfbmec.fr\/index.php?rest_route=\/wp\/v2\/types\/page"}],"author":[{"embeddable":true,"href":"http:\/\/www.sfbmec.fr\/index.php?rest_route=\/wp\/v2\/users\/1"}],"replies":[{"embeddable":true,"href":"http:\/\/www.sfbmec.fr\/index.php?rest_route=%2Fwp%2Fv2%2Fcomments&post=60"}],"version-history":[{"count":2,"href":"http:\/\/www.sfbmec.fr\/index.php?rest_route=\/wp\/v2\/pages\/60\/revisions"}],"predecessor-version":[{"id":1455,"href":"http:\/\/www.sfbmec.fr\/index.php?rest_route=\/wp\/v2\/pages\/60\/revisions\/1455"}],"wp:attachment":[{"href":"http:\/\/www.sfbmec.fr\/index.php?rest_route=%2Fwp%2Fv2%2Fmedia&parent=60"}],"curies":[{"name":"wp","href":"https:\/\/api.w.org\/{rel}","templated":true}]}}