{"id":5124,"date":"2026-04-14T17:51:14","date_gmt":"2026-04-14T15:51:14","guid":{"rendered":"https:\/\/www.sfbmec.fr\/?page_id=5124"},"modified":"2026-04-14T17:51:14","modified_gmt":"2026-04-14T15:51:14","slug":"qui-sommes-nous-qui-sont-nos-adherents-fans-de-matrice","status":"publish","type":"page","link":"https:\/\/www.sfbmec.fr\/?page_id=5124","title":{"rendered":"Qui sommes nous ? qui sont nos adh\u00e9rents fans de Matrice ?"},"content":{"rendered":"<p>PAGE EN CONSTRUCTION (2026 PA)<\/p>\n<p>Retrouvez ici les liens des sites internet des laboratoires auxquels sont rattach\u00e9s nos adh\u00e9rents et retrouvez leurs mots cl\u00e9s et environnements matriciels<\/p>\n<p>Consultez \u00e9galement les affiches de nos diff\u00e9rents webinaires pour d\u00e9couvrir les thematiques de nos adherents\/intervenants<\/p>\n<p>&nbsp;<\/p>\n<p>&nbsp;<\/p>\n<div class=\"sharedaddy sd-sharing-enabled\"><div class=\"robots-nocontent sd-block sd-social sd-social-icon-text sd-sharing\"><h3 class=\"sd-title\">Partager :<\/h3><div class=\"sd-content\"><ul><li class=\"share-email\"><a rel=\"nofollow noopener noreferrer\" data-shared=\"\" class=\"share-email sd-button share-icon\" href=\"https:\/\/www.sfbmec.fr\/?page_id=5124&amp;share=email\" target=\"_blank\" title=\"Cliquez pour envoyer par e-mail \u00e0 un ami\"><span>E-mail<\/span><\/a><\/li><li class=\"share-twitter\"><a rel=\"nofollow noopener noreferrer\" data-shared=\"sharing-twitter-5124\" class=\"share-twitter sd-button share-icon\" href=\"https:\/\/www.sfbmec.fr\/?page_id=5124&amp;share=twitter\" target=\"_blank\" title=\"Cliquez pour partager sur Twitter\"><span>Twitter<\/span><\/a><\/li><li class=\"share-facebook\"><a rel=\"nofollow noopener noreferrer\" data-shared=\"sharing-facebook-5124\" class=\"share-facebook sd-button share-icon\" href=\"https:\/\/www.sfbmec.fr\/?page_id=5124&amp;share=facebook\" target=\"_blank\" title=\"Cliquez pour partager sur Facebook\"><span>Facebook<\/span><\/a><\/li><li class=\"share-linkedin\"><a rel=\"nofollow noopener noreferrer\" data-shared=\"sharing-linkedin-5124\" class=\"share-linkedin sd-button share-icon\" href=\"https:\/\/www.sfbmec.fr\/?page_id=5124&amp;share=linkedin\" target=\"_blank\" title=\"Cliquez pour partager sur LinkedIn\"><span>LinkedIn<\/span><\/a><\/li><li class=\"share-end\"><\/li><\/ul><\/div><\/div><\/div>","protected":false},"excerpt":{"rendered":"<p>PAGE EN CONSTRUCTION (2026 PA) Retrouvez ici les liens des sites internet des laboratoires auxquels sont rattach\u00e9s nos adh\u00e9rents et retrouvez leurs mots cl\u00e9s et environnements matriciels Consultez \u00e9galement les affiches de nos diff\u00e9rents webinaires pour d\u00e9couvrir les thematiques de &hellip; <a href=\"https:\/\/www.sfbmec.fr\/?page_id=5124\">Continuer la lecture <span class=\"meta-nav\">&rarr;<\/span><\/a><\/p>\n<div class=\"sharedaddy sd-sharing-enabled\"><div class=\"robots-nocontent sd-block sd-social sd-social-icon-text sd-sharing\"><h3 class=\"sd-title\">Partager :<\/h3><div class=\"sd-content\"><ul><li class=\"share-email\"><a rel=\"nofollow noopener noreferrer\" data-shared=\"\" class=\"share-email sd-button share-icon\" href=\"https:\/\/www.sfbmec.fr\/?page_id=5124&amp;share=email\" target=\"_blank\" title=\"Cliquez pour envoyer par e-mail \u00e0 un ami\"><span>E-mail<\/span><\/a><\/li><li class=\"share-twitter\"><a rel=\"nofollow noopener noreferrer\" data-shared=\"sharing-twitter-5124\" class=\"share-twitter sd-button share-icon\" href=\"https:\/\/www.sfbmec.fr\/?page_id=5124&amp;share=twitter\" target=\"_blank\" title=\"Cliquez pour partager sur Twitter\"><span>Twitter<\/span><\/a><\/li><li class=\"share-facebook\"><a rel=\"nofollow noopener noreferrer\" data-shared=\"sharing-facebook-5124\" class=\"share-facebook sd-button share-icon\" href=\"https:\/\/www.sfbmec.fr\/?page_id=5124&amp;share=facebook\" target=\"_blank\" title=\"Cliquez pour partager sur Facebook\"><span>Facebook<\/span><\/a><\/li><li class=\"share-linkedin\"><a rel=\"nofollow noopener noreferrer\" data-shared=\"sharing-linkedin-5124\" class=\"share-linkedin sd-button share-icon\" href=\"https:\/\/www.sfbmec.fr\/?page_id=5124&amp;share=linkedin\" target=\"_blank\" title=\"Cliquez pour partager sur LinkedIn\"><span>LinkedIn<\/span><\/a><\/li><li class=\"share-end\"><\/li><\/ul><\/div><\/div><\/div>","protected":false},"author":7622,"featured_media":0,"parent":1400,"menu_order":0,"comment_status":"closed","ping_status":"closed","template":"","meta":{"spay_email":""},"jetpack_sharing_enabled":true,"jetpack_shortlink":"https:\/\/wp.me\/P3JW17-1kE","_links":{"self":[{"href":"https:\/\/www.sfbmec.fr\/index.php?rest_route=\/wp\/v2\/pages\/5124"}],"collection":[{"href":"https:\/\/www.sfbmec.fr\/index.php?rest_route=\/wp\/v2\/pages"}],"about":[{"href":"https:\/\/www.sfbmec.fr\/index.php?rest_route=\/wp\/v2\/types\/page"}],"author":[{"embeddable":true,"href":"https:\/\/www.sfbmec.fr\/index.php?rest_route=\/wp\/v2\/users\/7622"}],"replies":[{"embeddable":true,"href":"https:\/\/www.sfbmec.fr\/index.php?rest_route=%2Fwp%2Fv2%2Fcomments&post=5124"}],"version-history":[{"count":3,"href":"https:\/\/www.sfbmec.fr\/index.php?rest_route=\/wp\/v2\/pages\/5124\/revisions"}],"predecessor-version":[{"id":5127,"href":"https:\/\/www.sfbmec.fr\/index.php?rest_route=\/wp\/v2\/pages\/5124\/revisions\/5127"}],"up":[{"embeddable":true,"href":"https:\/\/www.sfbmec.fr\/index.php?rest_route=\/wp\/v2\/pages\/1400"}],"wp:attachment":[{"href":"https:\/\/www.sfbmec.fr\/index.php?rest_route=%2Fwp%2Fv2%2Fmedia&parent=5124"}],"curies":[{"name":"wp","href":"https:\/\/api.w.org\/{rel}","templated":true}]}}