{"id":68,"date":"2023-12-23T12:05:17","date_gmt":"2023-12-23T11:05:17","guid":{"rendered":"http:\/\/www.sfbmec.fr\/wordpress\/?page_id=68"},"modified":"2026-03-04T19:50:30","modified_gmt":"2026-03-04T18:50:30","slug":"membres-2","status":"publish","type":"page","link":"https:\/\/www.sfbmec.fr\/?page_id=68","title":{"rendered":"Nous rejoindre"},"content":{"rendered":"<p><strong>Adh\u00e9sion 2026 \u00e0 la Soci\u00e9t\u00e9 Fran\u00e7aise de Biologie de la Matrice Extracellulaire<\/strong><\/p>\n<p>Ch\u00e8res et chers membres de la SFBMEc,<br \/>\nComme vous le savez, notre Soci\u00e9t\u00e9 a pour vocation de promouvoir et d\u00e9velopper les \u00e9changes scientifiques entre les laboratoires acad\u00e9miques, industriels et hospitaliers impliqu\u00e9s dans la recherche sur la matrice extracellulaire. Cette mission est assur\u00e9e par la mise \u00e0 jour r\u00e9guli\u00e8re de note site web (http:\/\/www.sfbmec.fr\/), une diffusion constante des informations par le biais du r\u00e9seau social LinkedIn et par le biais de plusieurs Webinaires par an.<\/p>\n<p>Notre deuxi\u00e8me mission est d\u2019organiser ou de subventionner des r\u00e9unions ou congr\u00e8s scientifiques sur des th\u00e9matiques en lien avec la matrice extracellulaire et d\u2019attribuer des bourses \u00e0 des doctorants ou post-doctorants pour assister \u00e0 des congr\u00e8s nationaux, europ\u00e9ens ou internationaux sur la matrice extracellulaire. Chaque ann\u00e9e, la SFBMEc offre \u00e0 de jeunes scientifiques plusieurs bourses de voyages et d\u2019inscription \u00e0 des congr\u00e8s nationaux et europ\u00e9ens, pour leur permettre d&rsquo;assister \u00e0 des manifestations scientifiques majeures en biologie matricielle.<\/p>\n<p>Cette ann\u00e9e 2026, la Soci\u00e9t\u00e9 pr\u00e9voit de financer 8 bourses de congr\u00e8s, notamment pour assister \u00e0 la conf\u00e9rence Matrix Biology Europe 2026 qui se tiendra \u00e0 Oulu (Finlande) du 29 juin au 03 juillet 2026 (https:\/\/www.mbe2026.org\/).<\/p>\n<p>Tout cela ne peut se faire que gr\u00e2ce aux adh\u00e9sions et aux cotisations de ses membres. Afin de continuer \u00e0 parrainer ou promouvoir nos jeunes scientifiques, nous avons besoin de votre soutien continu. Les adh\u00e9sions sont valables du 1er janvier au 31 d\u00e9cembre de l\u2019ann\u00e9e.Le montant de la cotisation est fix\u00e9 lors de l\u2019Assembl\u00e9e G\u00e9n\u00e9rale annuelle. Pour <strong>2026<\/strong>, les tarifs restent inchang\u00e9s et sont les suivants :<\/p>\n<ul>\n<li>Chercheurs (y compris les post-doctorants) non-industriels : 50 euros<\/li>\n<li>Doctorants : 20 euros<\/li>\n<li>Etudiants en Master : gratuit<\/li>\n<li>Industriels (jusqu&rsquo;\u00e0 10) : 120 euros<\/li>\n<li>Industriels (\u00e0 partir de 11) : 180 euros<\/li>\n<\/ul>\n<p>Afin d&rsquo;adh\u00e9rer \u00e0 la SFBMEc, veuillez t\u00e9l\u00e9charger et remplir le formulaire ci-dessous en suivant les instructions dans Acrobat Reader (version 9 ou sup\u00e9rieure n\u00e9cessaire) pour le renvoyer par mail \u00e0 notre tr\u00e9sorier : <strong><em>ulrich.valcourt@univ-lyon1.fr<\/em><\/strong><\/p>\n<p><a href=\"http:\/\/www.sfbmec.fr\/wp\/wp-content\/uploads\/2026\/03\/Formulaire_Inscription_SFBMEc_2026.pdf\">Formulaire_Inscription_SFBMEc_2026<\/a><\/p>\n<p>Vous y associerez les informations utiles au r\u00e8glement de votre cotisation, qui peut se faire selon une des 3 modalit\u00e9s ci-dessous :<\/p>\n<ul>\n<li>Par <strong>ch\u00e8que<\/strong>, \u00e0 l\u2019ordre de la SFBMEc, \u00e0 envoyer \u00e0 l\u2019adresse postale ci-dessous :<br \/>\n<em>Ulrich VALCOURT<\/em><br \/>\n<em>Laboratoire de Biologie Tissulaire et Ing\u00e9nierie Th\u00e9rapeutique (LBTI)<\/em><br \/>\n<em>Institut de Biologie et Chimie des Prot\u00e9ines (IBCP)<\/em><br \/>\n<em>7 Passage du Vercors<\/em><br \/>\n<em>69367 Lyon Cedex 07<\/em><\/li>\n<\/ul>\n<ul>\n<li>Par <strong>virement bancaire<\/strong>, en indiquant bien \u00ab <strong>Cotisation 2026 <\/strong>\u00bb accompagn\u00e9 de votre nom et votre pr\u00e9nom, dans le motif du virement.<br \/>\n<em>Pour obtenir les coordonn\u00e9es bancaires (IBAN) du compte de la SFBMEc, contactez Ulrich directement par mail :<strong> ulrich.valcourt@univ-lyon1.fr<\/strong><\/em><\/li>\n<li>Par <strong>bon de commande<\/strong><br \/>\n<em>Pour obtenir un devis pour votre bon de commande, contactez Ulrich directement par mail\u00a0 : <strong> ulrich.valcourt@univ-lyon1.fr<\/strong><\/em><\/li>\n<\/ul>\n<div class=\"wp-menu-image dashicons-before dashicons-admin-plugins\" aria-hidden=\"true\"><\/div>\n<div class=\"wp-menu-name\">Extensions <span class=\"update-plugins count-7\"><span class=\"plugin-count\">7<\/span><\/span><\/div>\n<div class=\"sharedaddy sd-sharing-enabled\"><div class=\"robots-nocontent sd-block sd-social sd-social-icon-text sd-sharing\"><h3 class=\"sd-title\">Partager :<\/h3><div class=\"sd-content\"><ul><li class=\"share-email\"><a rel=\"nofollow noopener noreferrer\" data-shared=\"\" class=\"share-email sd-button share-icon\" href=\"https:\/\/www.sfbmec.fr\/?page_id=68&amp;share=email\" target=\"_blank\" title=\"Cliquez pour envoyer par e-mail \u00e0 un ami\"><span>E-mail<\/span><\/a><\/li><li class=\"share-twitter\"><a rel=\"nofollow noopener noreferrer\" data-shared=\"sharing-twitter-68\" class=\"share-twitter sd-button share-icon\" href=\"https:\/\/www.sfbmec.fr\/?page_id=68&amp;share=twitter\" target=\"_blank\" title=\"Cliquez pour partager sur Twitter\"><span>Twitter<\/span><\/a><\/li><li class=\"share-facebook\"><a rel=\"nofollow noopener noreferrer\" data-shared=\"sharing-facebook-68\" class=\"share-facebook sd-button share-icon\" href=\"https:\/\/www.sfbmec.fr\/?page_id=68&amp;share=facebook\" target=\"_blank\" title=\"Cliquez pour partager sur Facebook\"><span>Facebook<\/span><\/a><\/li><li class=\"share-linkedin\"><a rel=\"nofollow noopener noreferrer\" data-shared=\"sharing-linkedin-68\" class=\"share-linkedin sd-button share-icon\" href=\"https:\/\/www.sfbmec.fr\/?page_id=68&amp;share=linkedin\" target=\"_blank\" title=\"Cliquez pour partager sur LinkedIn\"><span>LinkedIn<\/span><\/a><\/li><li class=\"share-end\"><\/li><\/ul><\/div><\/div><\/div>","protected":false},"excerpt":{"rendered":"<p>Adh\u00e9sion 2026 \u00e0 la Soci\u00e9t\u00e9 Fran\u00e7aise de Biologie de la Matrice Extracellulaire Ch\u00e8res et chers membres de la SFBMEc, Comme vous le savez, notre Soci\u00e9t\u00e9 a pour vocation de promouvoir et d\u00e9velopper les \u00e9changes scientifiques entre les laboratoires acad\u00e9miques, industriels &hellip; <a href=\"https:\/\/www.sfbmec.fr\/?page_id=68\">Continuer la lecture <span class=\"meta-nav\">&rarr;<\/span><\/a><\/p>\n<div class=\"sharedaddy sd-sharing-enabled\"><div class=\"robots-nocontent sd-block sd-social sd-social-icon-text sd-sharing\"><h3 class=\"sd-title\">Partager :<\/h3><div class=\"sd-content\"><ul><li class=\"share-email\"><a rel=\"nofollow noopener noreferrer\" data-shared=\"\" class=\"share-email sd-button share-icon\" href=\"https:\/\/www.sfbmec.fr\/?page_id=68&amp;share=email\" target=\"_blank\" title=\"Cliquez pour envoyer par e-mail \u00e0 un ami\"><span>E-mail<\/span><\/a><\/li><li class=\"share-twitter\"><a rel=\"nofollow noopener noreferrer\" data-shared=\"sharing-twitter-68\" class=\"share-twitter sd-button share-icon\" href=\"https:\/\/www.sfbmec.fr\/?page_id=68&amp;share=twitter\" target=\"_blank\" title=\"Cliquez pour partager sur Twitter\"><span>Twitter<\/span><\/a><\/li><li class=\"share-facebook\"><a rel=\"nofollow noopener noreferrer\" data-shared=\"sharing-facebook-68\" class=\"share-facebook sd-button share-icon\" href=\"https:\/\/www.sfbmec.fr\/?page_id=68&amp;share=facebook\" target=\"_blank\" title=\"Cliquez pour partager sur Facebook\"><span>Facebook<\/span><\/a><\/li><li class=\"share-linkedin\"><a rel=\"nofollow noopener noreferrer\" data-shared=\"sharing-linkedin-68\" class=\"share-linkedin sd-button share-icon\" href=\"https:\/\/www.sfbmec.fr\/?page_id=68&amp;share=linkedin\" target=\"_blank\" title=\"Cliquez pour partager sur LinkedIn\"><span>LinkedIn<\/span><\/a><\/li><li class=\"share-end\"><\/li><\/ul><\/div><\/div><\/div>","protected":false},"author":1,"featured_media":0,"parent":0,"menu_order":5,"comment_status":"closed","ping_status":"open","template":"","meta":{"spay_email":""},"jetpack_sharing_enabled":true,"jetpack_shortlink":"https:\/\/wp.me\/P3JW17-16","_links":{"self":[{"href":"https:\/\/www.sfbmec.fr\/index.php?rest_route=\/wp\/v2\/pages\/68"}],"collection":[{"href":"https:\/\/www.sfbmec.fr\/index.php?rest_route=\/wp\/v2\/pages"}],"about":[{"href":"https:\/\/www.sfbmec.fr\/index.php?rest_route=\/wp\/v2\/types\/page"}],"author":[{"embeddable":true,"href":"https:\/\/www.sfbmec.fr\/index.php?rest_route=\/wp\/v2\/users\/1"}],"replies":[{"embeddable":true,"href":"https:\/\/www.sfbmec.fr\/index.php?rest_route=%2Fwp%2Fv2%2Fcomments&post=68"}],"version-history":[{"count":48,"href":"https:\/\/www.sfbmec.fr\/index.php?rest_route=\/wp\/v2\/pages\/68\/revisions"}],"predecessor-version":[{"id":5100,"href":"https:\/\/www.sfbmec.fr\/index.php?rest_route=\/wp\/v2\/pages\/68\/revisions\/5100"}],"wp:attachment":[{"href":"https:\/\/www.sfbmec.fr\/index.php?rest_route=%2Fwp%2Fv2%2Fmedia&parent=68"}],"curies":[{"name":"wp","href":"https:\/\/api.w.org\/{rel}","templated":true}]}}